{"id":410,"date":"2015-12-16T21:39:42","date_gmt":"2015-12-16T20:39:42","guid":{"rendered":"http:\/\/quentinbroquet.com\/?page_id=410"},"modified":"2017-05-14T00:01:12","modified_gmt":"2017-05-13T23:01:12","slug":"opercule","status":"publish","type":"page","link":"http:\/\/quentinbroquet.com\/index.php\/auto-edition\/opercule\/","title":{"rendered":"OPERCULE (2016)"},"content":{"rendered":"<p>Opercule est un livret 8&#215;12,5cm enti\u00e8rement r\u00e9alis\u00e9 \u00e0 la main, \u00e9dit\u00e9 en 10 exemplaires num\u00e9rot\u00e9s.<\/p>\n<div data-carousel-extra='{\"blog_id\":1,\"permalink\":\"http:\\\/\\\/quentinbroquet.com\\\/index.php\\\/auto-edition\\\/opercule\\\/\"}' id='gallery-1' class='gallery galleryid-410 gallery-columns-3 gallery-size-large'><figure class='gallery-item'>\n\t\t\t<div class='gallery-icon portrait'>\n\t\t\t\t<a href='http:\/\/quentinbroquet.com\/index.php\/auto-edition\/opercule\/opercule\/'><img width=\"510\" height=\"800\" src=\"http:\/\/quentinbroquet.com\/wp-content\/uploads\/2015\/12\/OPERCULE.jpg\" class=\"attachment-large size-large\" alt=\"\" loading=\"lazy\" srcset=\"http:\/\/quentinbroquet.com\/wp-content\/uploads\/2015\/12\/OPERCULE.jpg 510w, http:\/\/quentinbroquet.com\/wp-content\/uploads\/2015\/12\/OPERCULE-191x300.jpg 191w\" sizes=\"(max-width: 510px) 100vw, 510px\" data-attachment-id=\"414\" data-permalink=\"http:\/\/quentinbroquet.com\/index.php\/auto-edition\/opercule\/opercule\/\" data-orig-file=\"http:\/\/quentinbroquet.com\/wp-content\/uploads\/2015\/12\/OPERCULE.jpg\" data-orig-size=\"510,800\" data-comments-opened=\"1\" data-image-meta=\"{&quot;aperture&quot;:&quot;0&quot;,&quot;credit&quot;:&quot;&quot;,&quot;camera&quot;:&quot;&quot;,&quot;caption&quot;:&quot;&quot;,&quot;created_timestamp&quot;:&quot;0&quot;,&quot;copyright&quot;:&quot;&quot;,&quot;focal_length&quot;:&quot;0&quot;,&quot;iso&quot;:&quot;0&quot;,&quot;shutter_speed&quot;:&quot;0&quot;,&quot;title&quot;:&quot;&quot;,&quot;orientation&quot;:&quot;0&quot;}\" data-image-title=\"\" data-image-description=\"\" data-image-caption=\"\" data-medium-file=\"http:\/\/quentinbroquet.com\/wp-content\/uploads\/2015\/12\/OPERCULE-191x300.jpg\" data-large-file=\"http:\/\/quentinbroquet.com\/wp-content\/uploads\/2015\/12\/OPERCULE.jpg\" \/><\/a>\n\t\t\t<\/div><\/figure><figure class='gallery-item'>\n\t\t\t<div class='gallery-icon portrait'>\n\t\t\t\t<a href='http:\/\/quentinbroquet.com\/index.php\/auto-edition\/opercule\/doscouv\/'><img width=\"515\" height=\"800\" src=\"http:\/\/quentinbroquet.com\/wp-content\/uploads\/2015\/12\/DOSCOUV.jpg\" class=\"attachment-large size-large\" alt=\"\" loading=\"lazy\" srcset=\"http:\/\/quentinbroquet.com\/wp-content\/uploads\/2015\/12\/DOSCOUV.jpg 515w, http:\/\/quentinbroquet.com\/wp-content\/uploads\/2015\/12\/DOSCOUV-193x300.jpg 193w\" sizes=\"(max-width: 515px) 100vw, 515px\" data-attachment-id=\"412\" data-permalink=\"http:\/\/quentinbroquet.com\/index.php\/auto-edition\/opercule\/doscouv\/\" data-orig-file=\"http:\/\/quentinbroquet.com\/wp-content\/uploads\/2015\/12\/DOSCOUV.jpg\" data-orig-size=\"515,800\" data-comments-opened=\"1\" data-image-meta=\"{&quot;aperture&quot;:&quot;0&quot;,&quot;credit&quot;:&quot;&quot;,&quot;camera&quot;:&quot;&quot;,&quot;caption&quot;:&quot;&quot;,&quot;created_timestamp&quot;:&quot;0&quot;,&quot;copyright&quot;:&quot;&quot;,&quot;focal_length&quot;:&quot;0&quot;,&quot;iso&quot;:&quot;0&quot;,&quot;shutter_speed&quot;:&quot;0&quot;,&quot;title&quot;:&quot;&quot;,&quot;orientation&quot;:&quot;0&quot;}\" data-image-title=\"\" data-image-description=\"\" data-image-caption=\"\" data-medium-file=\"http:\/\/quentinbroquet.com\/wp-content\/uploads\/2015\/12\/DOSCOUV-193x300.jpg\" data-large-file=\"http:\/\/quentinbroquet.com\/wp-content\/uploads\/2015\/12\/DOSCOUV.jpg\" \/><\/a>\n\t\t\t<\/div><\/figure><figure class='gallery-item'>\n\t\t\t<div class='gallery-icon portrait'>\n\t\t\t\t<a href='http:\/\/quentinbroquet.com\/index.php\/auto-edition\/opercule\/autoedite\/'><img width=\"515\" height=\"800\" src=\"http:\/\/quentinbroquet.com\/wp-content\/uploads\/2015\/12\/AUTOEDITE.jpg\" class=\"attachment-large size-large\" alt=\"\" loading=\"lazy\" srcset=\"http:\/\/quentinbroquet.com\/wp-content\/uploads\/2015\/12\/AUTOEDITE.jpg 515w, http:\/\/quentinbroquet.com\/wp-content\/uploads\/2015\/12\/AUTOEDITE-193x300.jpg 193w\" sizes=\"(max-width: 515px) 100vw, 515px\" data-attachment-id=\"411\" data-permalink=\"http:\/\/quentinbroquet.com\/index.php\/auto-edition\/opercule\/autoedite\/\" data-orig-file=\"http:\/\/quentinbroquet.com\/wp-content\/uploads\/2015\/12\/AUTOEDITE.jpg\" data-orig-size=\"515,800\" data-comments-opened=\"1\" data-image-meta=\"{&quot;aperture&quot;:&quot;0&quot;,&quot;credit&quot;:&quot;&quot;,&quot;camera&quot;:&quot;&quot;,&quot;caption&quot;:&quot;&quot;,&quot;created_timestamp&quot;:&quot;0&quot;,&quot;copyright&quot;:&quot;&quot;,&quot;focal_length&quot;:&quot;0&quot;,&quot;iso&quot;:&quot;0&quot;,&quot;shutter_speed&quot;:&quot;0&quot;,&quot;title&quot;:&quot;&quot;,&quot;orientation&quot;:&quot;0&quot;}\" data-image-title=\"\" data-image-description=\"\" data-image-caption=\"\" data-medium-file=\"http:\/\/quentinbroquet.com\/wp-content\/uploads\/2015\/12\/AUTOEDITE-193x300.jpg\" data-large-file=\"http:\/\/quentinbroquet.com\/wp-content\/uploads\/2015\/12\/AUTOEDITE.jpg\" \/><\/a>\n\t\t\t<\/div><\/figure><figure class='gallery-item'>\n\t\t\t<div class='gallery-icon portrait'>\n\t\t\t\t<a href='http:\/\/quentinbroquet.com\/index.php\/auto-edition\/opercule\/page1\/'><img width=\"508\" height=\"800\" src=\"http:\/\/quentinbroquet.com\/wp-content\/uploads\/2015\/12\/PAGE1.jpg\" class=\"attachment-large size-large\" alt=\"\" loading=\"lazy\" srcset=\"http:\/\/quentinbroquet.com\/wp-content\/uploads\/2015\/12\/PAGE1.jpg 508w, http:\/\/quentinbroquet.com\/wp-content\/uploads\/2015\/12\/PAGE1-191x300.jpg 191w\" sizes=\"(max-width: 508px) 100vw, 508px\" data-attachment-id=\"415\" data-permalink=\"http:\/\/quentinbroquet.com\/index.php\/auto-edition\/opercule\/page1\/\" data-orig-file=\"http:\/\/quentinbroquet.com\/wp-content\/uploads\/2015\/12\/PAGE1.jpg\" data-orig-size=\"508,800\" data-comments-opened=\"1\" data-image-meta=\"{&quot;aperture&quot;:&quot;0&quot;,&quot;credit&quot;:&quot;&quot;,&quot;camera&quot;:&quot;&quot;,&quot;caption&quot;:&quot;&quot;,&quot;created_timestamp&quot;:&quot;0&quot;,&quot;copyright&quot;:&quot;&quot;,&quot;focal_length&quot;:&quot;0&quot;,&quot;iso&quot;:&quot;0&quot;,&quot;shutter_speed&quot;:&quot;0&quot;,&quot;title&quot;:&quot;&quot;,&quot;orientation&quot;:&quot;0&quot;}\" data-image-title=\"\" data-image-description=\"\" data-image-caption=\"\" data-medium-file=\"http:\/\/quentinbroquet.com\/wp-content\/uploads\/2015\/12\/PAGE1-191x300.jpg\" data-large-file=\"http:\/\/quentinbroquet.com\/wp-content\/uploads\/2015\/12\/PAGE1.jpg\" \/><\/a>\n\t\t\t<\/div><\/figure><figure class='gallery-item'>\n\t\t\t<div class='gallery-icon portrait'>\n\t\t\t\t<a href='http:\/\/quentinbroquet.com\/index.php\/auto-edition\/opercule\/page2\/'><img width=\"506\" height=\"800\" src=\"http:\/\/quentinbroquet.com\/wp-content\/uploads\/2015\/12\/PAGE2.jpg\" class=\"attachment-large size-large\" alt=\"\" loading=\"lazy\" srcset=\"http:\/\/quentinbroquet.com\/wp-content\/uploads\/2015\/12\/PAGE2.jpg 506w, http:\/\/quentinbroquet.com\/wp-content\/uploads\/2015\/12\/PAGE2-190x300.jpg 190w\" sizes=\"(max-width: 506px) 100vw, 506px\" data-attachment-id=\"416\" data-permalink=\"http:\/\/quentinbroquet.com\/index.php\/auto-edition\/opercule\/page2\/\" data-orig-file=\"http:\/\/quentinbroquet.com\/wp-content\/uploads\/2015\/12\/PAGE2.jpg\" data-orig-size=\"506,800\" data-comments-opened=\"1\" data-image-meta=\"{&quot;aperture&quot;:&quot;0&quot;,&quot;credit&quot;:&quot;&quot;,&quot;camera&quot;:&quot;&quot;,&quot;caption&quot;:&quot;&quot;,&quot;created_timestamp&quot;:&quot;0&quot;,&quot;copyright&quot;:&quot;&quot;,&quot;focal_length&quot;:&quot;0&quot;,&quot;iso&quot;:&quot;0&quot;,&quot;shutter_speed&quot;:&quot;0&quot;,&quot;title&quot;:&quot;&quot;,&quot;orientation&quot;:&quot;0&quot;}\" data-image-title=\"\" data-image-description=\"\" data-image-caption=\"\" data-medium-file=\"http:\/\/quentinbroquet.com\/wp-content\/uploads\/2015\/12\/PAGE2-190x300.jpg\" data-large-file=\"http:\/\/quentinbroquet.com\/wp-content\/uploads\/2015\/12\/PAGE2.jpg\" \/><\/a>\n\t\t\t<\/div><\/figure><figure class='gallery-item'>\n\t\t\t<div class='gallery-icon portrait'>\n\t\t\t\t<a href='http:\/\/quentinbroquet.com\/index.php\/auto-edition\/opercule\/page3\/'><img width=\"504\" height=\"800\" src=\"http:\/\/quentinbroquet.com\/wp-content\/uploads\/2015\/12\/PAGE3.jpg\" class=\"attachment-large size-large\" alt=\"\" loading=\"lazy\" srcset=\"http:\/\/quentinbroquet.com\/wp-content\/uploads\/2015\/12\/PAGE3.jpg 504w, http:\/\/quentinbroquet.com\/wp-content\/uploads\/2015\/12\/PAGE3-189x300.jpg 189w\" sizes=\"(max-width: 504px) 100vw, 504px\" data-attachment-id=\"417\" data-permalink=\"http:\/\/quentinbroquet.com\/index.php\/auto-edition\/opercule\/page3\/\" data-orig-file=\"http:\/\/quentinbroquet.com\/wp-content\/uploads\/2015\/12\/PAGE3.jpg\" data-orig-size=\"504,800\" data-comments-opened=\"1\" data-image-meta=\"{&quot;aperture&quot;:&quot;0&quot;,&quot;credit&quot;:&quot;&quot;,&quot;camera&quot;:&quot;&quot;,&quot;caption&quot;:&quot;&quot;,&quot;created_timestamp&quot;:&quot;0&quot;,&quot;copyright&quot;:&quot;&quot;,&quot;focal_length&quot;:&quot;0&quot;,&quot;iso&quot;:&quot;0&quot;,&quot;shutter_speed&quot;:&quot;0&quot;,&quot;title&quot;:&quot;&quot;,&quot;orientation&quot;:&quot;0&quot;}\" data-image-title=\"\" data-image-description=\"\" data-image-caption=\"\" data-medium-file=\"http:\/\/quentinbroquet.com\/wp-content\/uploads\/2015\/12\/PAGE3-189x300.jpg\" data-large-file=\"http:\/\/quentinbroquet.com\/wp-content\/uploads\/2015\/12\/PAGE3.jpg\" \/><\/a>\n\t\t\t<\/div><\/figure><figure class='gallery-item'>\n\t\t\t<div class='gallery-icon portrait'>\n\t\t\t\t<a href='http:\/\/quentinbroquet.com\/index.php\/auto-edition\/opercule\/page4\/'><img width=\"515\" height=\"800\" src=\"http:\/\/quentinbroquet.com\/wp-content\/uploads\/2015\/12\/PAGE4.jpg\" class=\"attachment-large size-large\" alt=\"\" loading=\"lazy\" srcset=\"http:\/\/quentinbroquet.com\/wp-content\/uploads\/2015\/12\/PAGE4.jpg 515w, http:\/\/quentinbroquet.com\/wp-content\/uploads\/2015\/12\/PAGE4-193x300.jpg 193w\" sizes=\"(max-width: 515px) 100vw, 515px\" data-attachment-id=\"418\" data-permalink=\"http:\/\/quentinbroquet.com\/index.php\/auto-edition\/opercule\/page4\/\" data-orig-file=\"http:\/\/quentinbroquet.com\/wp-content\/uploads\/2015\/12\/PAGE4.jpg\" data-orig-size=\"515,800\" data-comments-opened=\"1\" data-image-meta=\"{&quot;aperture&quot;:&quot;0&quot;,&quot;credit&quot;:&quot;&quot;,&quot;camera&quot;:&quot;&quot;,&quot;caption&quot;:&quot;&quot;,&quot;created_timestamp&quot;:&quot;0&quot;,&quot;copyright&quot;:&quot;&quot;,&quot;focal_length&quot;:&quot;0&quot;,&quot;iso&quot;:&quot;0&quot;,&quot;shutter_speed&quot;:&quot;0&quot;,&quot;title&quot;:&quot;&quot;,&quot;orientation&quot;:&quot;0&quot;}\" data-image-title=\"\" data-image-description=\"\" data-image-caption=\"\" data-medium-file=\"http:\/\/quentinbroquet.com\/wp-content\/uploads\/2015\/12\/PAGE4-193x300.jpg\" data-large-file=\"http:\/\/quentinbroquet.com\/wp-content\/uploads\/2015\/12\/PAGE4.jpg\" \/><\/a>\n\t\t\t<\/div><\/figure><figure class='gallery-item'>\n\t\t\t<div class='gallery-icon portrait'>\n\t\t\t\t<a href='http:\/\/quentinbroquet.com\/index.php\/auto-edition\/opercule\/page5\/'><img width=\"506\" height=\"800\" src=\"http:\/\/quentinbroquet.com\/wp-content\/uploads\/2015\/12\/PAGE5.jpg\" class=\"attachment-large size-large\" alt=\"\" loading=\"lazy\" srcset=\"http:\/\/quentinbroquet.com\/wp-content\/uploads\/2015\/12\/PAGE5.jpg 506w, http:\/\/quentinbroquet.com\/wp-content\/uploads\/2015\/12\/PAGE5-190x300.jpg 190w\" sizes=\"(max-width: 506px) 100vw, 506px\" data-attachment-id=\"419\" data-permalink=\"http:\/\/quentinbroquet.com\/index.php\/auto-edition\/opercule\/page5\/\" data-orig-file=\"http:\/\/quentinbroquet.com\/wp-content\/uploads\/2015\/12\/PAGE5.jpg\" data-orig-size=\"506,800\" data-comments-opened=\"1\" data-image-meta=\"{&quot;aperture&quot;:&quot;0&quot;,&quot;credit&quot;:&quot;&quot;,&quot;camera&quot;:&quot;&quot;,&quot;caption&quot;:&quot;&quot;,&quot;created_timestamp&quot;:&quot;0&quot;,&quot;copyright&quot;:&quot;&quot;,&quot;focal_length&quot;:&quot;0&quot;,&quot;iso&quot;:&quot;0&quot;,&quot;shutter_speed&quot;:&quot;0&quot;,&quot;title&quot;:&quot;&quot;,&quot;orientation&quot;:&quot;0&quot;}\" data-image-title=\"\" data-image-description=\"\" data-image-caption=\"\" data-medium-file=\"http:\/\/quentinbroquet.com\/wp-content\/uploads\/2015\/12\/PAGE5-190x300.jpg\" data-large-file=\"http:\/\/quentinbroquet.com\/wp-content\/uploads\/2015\/12\/PAGE5.jpg\" \/><\/a>\n\t\t\t<\/div><\/figure><figure class='gallery-item'>\n\t\t\t<div class='gallery-icon portrait'>\n\t\t\t\t<a href='http:\/\/quentinbroquet.com\/index.php\/auto-edition\/opercule\/page6\/'><img width=\"508\" height=\"800\" src=\"http:\/\/quentinbroquet.com\/wp-content\/uploads\/2015\/12\/PAGE6.jpg\" class=\"attachment-large size-large\" alt=\"\" loading=\"lazy\" srcset=\"http:\/\/quentinbroquet.com\/wp-content\/uploads\/2015\/12\/PAGE6.jpg 508w, http:\/\/quentinbroquet.com\/wp-content\/uploads\/2015\/12\/PAGE6-191x300.jpg 191w\" sizes=\"(max-width: 508px) 100vw, 508px\" data-attachment-id=\"420\" data-permalink=\"http:\/\/quentinbroquet.com\/index.php\/auto-edition\/opercule\/page6\/\" data-orig-file=\"http:\/\/quentinbroquet.com\/wp-content\/uploads\/2015\/12\/PAGE6.jpg\" data-orig-size=\"508,800\" data-comments-opened=\"1\" data-image-meta=\"{&quot;aperture&quot;:&quot;0&quot;,&quot;credit&quot;:&quot;&quot;,&quot;camera&quot;:&quot;&quot;,&quot;caption&quot;:&quot;&quot;,&quot;created_timestamp&quot;:&quot;0&quot;,&quot;copyright&quot;:&quot;&quot;,&quot;focal_length&quot;:&quot;0&quot;,&quot;iso&quot;:&quot;0&quot;,&quot;shutter_speed&quot;:&quot;0&quot;,&quot;title&quot;:&quot;&quot;,&quot;orientation&quot;:&quot;0&quot;}\" data-image-title=\"\" data-image-description=\"\" data-image-caption=\"\" data-medium-file=\"http:\/\/quentinbroquet.com\/wp-content\/uploads\/2015\/12\/PAGE6-191x300.jpg\" data-large-file=\"http:\/\/quentinbroquet.com\/wp-content\/uploads\/2015\/12\/PAGE6.jpg\" \/><\/a>\n\t\t\t<\/div><\/figure><figure class='gallery-item'>\n\t\t\t<div class='gallery-icon portrait'>\n\t\t\t\t<a href='http:\/\/quentinbroquet.com\/index.php\/auto-edition\/opercule\/page7\/'><img width=\"515\" height=\"800\" src=\"http:\/\/quentinbroquet.com\/wp-content\/uploads\/2015\/12\/PAGE7.jpg\" class=\"attachment-large size-large\" alt=\"\" loading=\"lazy\" srcset=\"http:\/\/quentinbroquet.com\/wp-content\/uploads\/2015\/12\/PAGE7.jpg 515w, http:\/\/quentinbroquet.com\/wp-content\/uploads\/2015\/12\/PAGE7-193x300.jpg 193w\" sizes=\"(max-width: 515px) 100vw, 515px\" data-attachment-id=\"421\" data-permalink=\"http:\/\/quentinbroquet.com\/index.php\/auto-edition\/opercule\/page7\/\" data-orig-file=\"http:\/\/quentinbroquet.com\/wp-content\/uploads\/2015\/12\/PAGE7.jpg\" data-orig-size=\"515,800\" data-comments-opened=\"1\" data-image-meta=\"{&quot;aperture&quot;:&quot;0&quot;,&quot;credit&quot;:&quot;&quot;,&quot;camera&quot;:&quot;&quot;,&quot;caption&quot;:&quot;&quot;,&quot;created_timestamp&quot;:&quot;0&quot;,&quot;copyright&quot;:&quot;&quot;,&quot;focal_length&quot;:&quot;0&quot;,&quot;iso&quot;:&quot;0&quot;,&quot;shutter_speed&quot;:&quot;0&quot;,&quot;title&quot;:&quot;&quot;,&quot;orientation&quot;:&quot;0&quot;}\" data-image-title=\"\" data-image-description=\"\" data-image-caption=\"\" data-medium-file=\"http:\/\/quentinbroquet.com\/wp-content\/uploads\/2015\/12\/PAGE7-193x300.jpg\" data-large-file=\"http:\/\/quentinbroquet.com\/wp-content\/uploads\/2015\/12\/PAGE7.jpg\" \/><\/a>\n\t\t\t<\/div><\/figure><figure class='gallery-item'>\n\t\t\t<div class='gallery-icon portrait'>\n\t\t\t\t<a href='http:\/\/quentinbroquet.com\/index.php\/auto-edition\/opercule\/editionlimitee\/'><img width=\"515\" height=\"800\" src=\"http:\/\/quentinbroquet.com\/wp-content\/uploads\/2015\/12\/EDITIONLIMITEE.jpg\" class=\"attachment-large size-large\" alt=\"\" loading=\"lazy\" srcset=\"http:\/\/quentinbroquet.com\/wp-content\/uploads\/2015\/12\/EDITIONLIMITEE.jpg 515w, http:\/\/quentinbroquet.com\/wp-content\/uploads\/2015\/12\/EDITIONLIMITEE-193x300.jpg 193w\" sizes=\"(max-width: 515px) 100vw, 515px\" data-attachment-id=\"413\" data-permalink=\"http:\/\/quentinbroquet.com\/index.php\/auto-edition\/opercule\/editionlimitee\/\" data-orig-file=\"http:\/\/quentinbroquet.com\/wp-content\/uploads\/2015\/12\/EDITIONLIMITEE.jpg\" data-orig-size=\"515,800\" data-comments-opened=\"1\" data-image-meta=\"{&quot;aperture&quot;:&quot;0&quot;,&quot;credit&quot;:&quot;&quot;,&quot;camera&quot;:&quot;&quot;,&quot;caption&quot;:&quot;&quot;,&quot;created_timestamp&quot;:&quot;0&quot;,&quot;copyright&quot;:&quot;&quot;,&quot;focal_length&quot;:&quot;0&quot;,&quot;iso&quot;:&quot;0&quot;,&quot;shutter_speed&quot;:&quot;0&quot;,&quot;title&quot;:&quot;&quot;,&quot;orientation&quot;:&quot;0&quot;}\" data-image-title=\"\" data-image-description=\"\" data-image-caption=\"\" data-medium-file=\"http:\/\/quentinbroquet.com\/wp-content\/uploads\/2015\/12\/EDITIONLIMITEE-193x300.jpg\" data-large-file=\"http:\/\/quentinbroquet.com\/wp-content\/uploads\/2015\/12\/EDITIONLIMITEE.jpg\" \/><\/a>\n\t\t\t<\/div><\/figure><figure class='gallery-item'>\n\t\t\t<div class='gallery-icon portrait'>\n\t\t\t\t<a href='http:\/\/quentinbroquet.com\/index.php\/auto-edition\/opercule\/q-broquet\/'><img width=\"510\" height=\"800\" src=\"http:\/\/quentinbroquet.com\/wp-content\/uploads\/2015\/12\/Q.BROQUET.jpg\" class=\"attachment-large size-large\" alt=\"\" loading=\"lazy\" srcset=\"http:\/\/quentinbroquet.com\/wp-content\/uploads\/2015\/12\/Q.BROQUET.jpg 510w, http:\/\/quentinbroquet.com\/wp-content\/uploads\/2015\/12\/Q.BROQUET-191x300.jpg 191w\" sizes=\"(max-width: 510px) 100vw, 510px\" data-attachment-id=\"422\" data-permalink=\"http:\/\/quentinbroquet.com\/index.php\/auto-edition\/opercule\/q-broquet\/\" data-orig-file=\"http:\/\/quentinbroquet.com\/wp-content\/uploads\/2015\/12\/Q.BROQUET.jpg\" data-orig-size=\"510,800\" data-comments-opened=\"1\" data-image-meta=\"{&quot;aperture&quot;:&quot;0&quot;,&quot;credit&quot;:&quot;&quot;,&quot;camera&quot;:&quot;&quot;,&quot;caption&quot;:&quot;&quot;,&quot;created_timestamp&quot;:&quot;0&quot;,&quot;copyright&quot;:&quot;&quot;,&quot;focal_length&quot;:&quot;0&quot;,&quot;iso&quot;:&quot;0&quot;,&quot;shutter_speed&quot;:&quot;0&quot;,&quot;title&quot;:&quot;&quot;,&quot;orientation&quot;:&quot;0&quot;}\" data-image-title=\"\" data-image-description=\"\" data-image-caption=\"\" data-medium-file=\"http:\/\/quentinbroquet.com\/wp-content\/uploads\/2015\/12\/Q.BROQUET-191x300.jpg\" data-large-file=\"http:\/\/quentinbroquet.com\/wp-content\/uploads\/2015\/12\/Q.BROQUET.jpg\" \/><\/a>\n\t\t\t<\/div><\/figure>\n\t\t<\/div>\n\n","protected":false},"excerpt":{"rendered":"<p>Opercule est un livret 8&#215;12,5cm enti\u00e8rement r\u00e9alis\u00e9 \u00e0 la main, \u00e9dit\u00e9 en 10 exemplaires num\u00e9rot\u00e9s.<\/p>\n","protected":false},"author":1,"featured_media":0,"parent":553,"menu_order":0,"comment_status":"closed","ping_status":"closed","template":"","meta":{"spay_email":""},"jetpack_sharing_enabled":true,"jetpack_shortlink":"https:\/\/wp.me\/P6WTNd-6C","_links":{"self":[{"href":"http:\/\/quentinbroquet.com\/index.php\/wp-json\/wp\/v2\/pages\/410"}],"collection":[{"href":"http:\/\/quentinbroquet.com\/index.php\/wp-json\/wp\/v2\/pages"}],"about":[{"href":"http:\/\/quentinbroquet.com\/index.php\/wp-json\/wp\/v2\/types\/page"}],"author":[{"embeddable":true,"href":"http:\/\/quentinbroquet.com\/index.php\/wp-json\/wp\/v2\/users\/1"}],"replies":[{"embeddable":true,"href":"http:\/\/quentinbroquet.com\/index.php\/wp-json\/wp\/v2\/comments?post=410"}],"version-history":[{"count":8,"href":"http:\/\/quentinbroquet.com\/index.php\/wp-json\/wp\/v2\/pages\/410\/revisions"}],"predecessor-version":[{"id":558,"href":"http:\/\/quentinbroquet.com\/index.php\/wp-json\/wp\/v2\/pages\/410\/revisions\/558"}],"up":[{"embeddable":true,"href":"http:\/\/quentinbroquet.com\/index.php\/wp-json\/wp\/v2\/pages\/553"}],"wp:attachment":[{"href":"http:\/\/quentinbroquet.com\/index.php\/wp-json\/wp\/v2\/media?parent=410"}],"curies":[{"name":"wp","href":"https:\/\/api.w.org\/{rel}","templated":true}]}}